{"id":28594,"date":"2021-08-17T16:43:40","date_gmt":"2021-08-17T16:43:40","guid":{"rendered":"https:\/\/www.marydip.ch\/?post_type=product&#038;p=28594"},"modified":"2021-11-06T21:34:32","modified_gmt":"2021-11-06T20:34:32","slug":"curso-acrilico-avancado","status":"publish","type":"product","link":"https:\/\/www.marydip.ch\/pt\/produto\/curso-acrilico-avancado\/","title":{"rendered":"Curso Acr\u00edlico - Avan\u00e7ado"},"content":{"rendered":"<p>Curso avan\u00e7ado de acr\u00edlico, online, com embalagem de produtos Marydip.<\/p>","protected":false},"excerpt":{"rendered":"<p>Curso avan\u00e7ado de acr\u00edlico, online, com embalagem de produtos Marydip.<\/p>","protected":false},"featured_media":28608,"comment_status":"closed","ping_status":"closed","template":"","meta":[],"product_cat":[71],"product_tag":[],"yoast_head":"<!-- This site is optimized with the Yoast SEO plugin v22.1 - https:\/\/yoast.com\/wordpress\/plugins\/seo\/ -->\n<title>Curso Acr\u00edlico - Avan\u00e7ado - Mary Dip | Dipping Powder | Gellack<\/title>\n<meta name=\"robots\" content=\"index, follow, max-snippet:-1, max-image-preview:large, max-video-preview:-1\" \/>\n<link rel=\"canonical\" href=\"https:\/\/www.marydip.ch\/pt\/produto\/curso-acrilico-avancado\/\" \/>\n<meta property=\"og:locale\" content=\"pt_BR\" \/>\n<meta property=\"og:type\" content=\"article\" \/>\n<meta property=\"og:title\" content=\"Curso Acr\u00edlico - Avan\u00e7ado - Mary Dip | Dipping Powder | Gellack\" \/>\n<meta property=\"og:description\" content=\"Acrylkurs f\u00fcr Fortgeschrittene, online, mit Marydip-Produktpaket.\" \/>\n<meta property=\"og:url\" content=\"https:\/\/www.marydip.ch\/pt\/produto\/curso-acrilico-avancado\/\" \/>\n<meta property=\"og:site_name\" content=\"Mary Dip | Dipping Powder | Gellack\" \/>\n<meta property=\"article:modified_time\" content=\"2021-11-06T20:34:32+00:00\" \/>\n<meta property=\"og:image\" content=\"https:\/\/www.marydip.ch\/wp-content\/uploads\/2021\/09\/BANNER-ACRILICO-AVANCADO.png\" \/>\n\t<meta property=\"og:image:width\" content=\"1080\" \/>\n\t<meta property=\"og:image:height\" content=\"1080\" \/>\n\t<meta property=\"og:image:type\" content=\"image\/png\" \/>\n<meta name=\"twitter:card\" content=\"summary_large_image\" \/>\n<script type=\"application\/ld+json\" class=\"yoast-schema-graph\">{\"@context\":\"https:\/\/schema.org\",\"@graph\":[{\"@type\":\"WebPage\",\"@id\":\"https:\/\/www.marydip.ch\/produkt\/curso-acrilico-avancado\/\",\"url\":\"https:\/\/www.marydip.ch\/produkt\/curso-acrilico-avancado\/\",\"name\":\"Curso Acr\u00edlico - Avan\u00e7ado - Mary Dip | Dipping Powder | Gellack\",\"isPartOf\":{\"@id\":\"https:\/\/www.marydip.ch\/#website\"},\"datePublished\":\"2021-08-17T16:43:40+00:00\",\"dateModified\":\"2021-11-06T20:34:32+00:00\",\"breadcrumb\":{\"@id\":\"https:\/\/www.marydip.ch\/produkt\/curso-acrilico-avancado\/#breadcrumb\"},\"inLanguage\":\"pt-BR\",\"potentialAction\":[{\"@type\":\"ReadAction\",\"target\":[\"https:\/\/www.marydip.ch\/produkt\/curso-acrilico-avancado\/\"]}]},{\"@type\":\"BreadcrumbList\",\"@id\":\"https:\/\/www.marydip.ch\/produkt\/curso-acrilico-avancado\/#breadcrumb\",\"itemListElement\":[{\"@type\":\"ListItem\",\"position\":1,\"name\":\"Startseite\",\"item\":\"https:\/\/www.marydip.ch\/\"},{\"@type\":\"ListItem\",\"position\":2,\"name\":\"Shop\",\"item\":\"https:\/\/www.marydip.ch\/shop\/\"},{\"@type\":\"ListItem\",\"position\":3,\"name\":\"Curso Acr\u00edlico &#8211; Avan\u00e7ado\"}]},{\"@type\":\"WebSite\",\"@id\":\"https:\/\/www.marydip.ch\/#website\",\"url\":\"https:\/\/www.marydip.ch\/\",\"name\":\"Mary Dip | Dipping Powder | Gellack\",\"description\":\"Mary Dip | Dipping System Pulver in Schweiz\",\"potentialAction\":[{\"@type\":\"SearchAction\",\"target\":{\"@type\":\"EntryPoint\",\"urlTemplate\":\"https:\/\/www.marydip.ch\/?s={search_term_string}\"},\"query-input\":\"required name=search_term_string\"}],\"inLanguage\":\"pt-BR\"}]}<\/script>\n<!-- \/ Yoast SEO plugin. -->","yoast_head_json":{"title":"Curso Acr\u00edlico - Avan\u00e7ado - Mary Dip | Dipping Powder | Gellack","robots":{"index":"index","follow":"follow","max-snippet":"max-snippet:-1","max-image-preview":"max-image-preview:large","max-video-preview":"max-video-preview:-1"},"canonical":"https:\/\/www.marydip.ch\/pt\/produto\/curso-acrilico-avancado\/","og_locale":"pt_BR","og_type":"article","og_title":"Curso Acr\u00edlico - Avan\u00e7ado - Mary Dip | Dipping Powder | Gellack","og_description":"Acrylkurs f\u00fcr Fortgeschrittene, online, mit Marydip-Produktpaket.","og_url":"https:\/\/www.marydip.ch\/pt\/produto\/curso-acrilico-avancado\/","og_site_name":"Mary Dip | Dipping Powder | Gellack","article_modified_time":"2021-11-06T20:34:32+00:00","og_image":[{"width":1080,"height":1080,"url":"https:\/\/www.marydip.ch\/wp-content\/uploads\/2021\/09\/BANNER-ACRILICO-AVANCADO.png","type":"image\/png"}],"twitter_card":"summary_large_image","schema":{"@context":"https:\/\/schema.org","@graph":[{"@type":"WebPage","@id":"https:\/\/www.marydip.ch\/produkt\/curso-acrilico-avancado\/","url":"https:\/\/www.marydip.ch\/produkt\/curso-acrilico-avancado\/","name":"Curso Acr\u00edlico - Avan\u00e7ado - Mary Dip | Dipping Powder | Gellack","isPartOf":{"@id":"https:\/\/www.marydip.ch\/#website"},"datePublished":"2021-08-17T16:43:40+00:00","dateModified":"2021-11-06T20:34:32+00:00","breadcrumb":{"@id":"https:\/\/www.marydip.ch\/produkt\/curso-acrilico-avancado\/#breadcrumb"},"inLanguage":"pt-BR","potentialAction":[{"@type":"ReadAction","target":["https:\/\/www.marydip.ch\/produkt\/curso-acrilico-avancado\/"]}]},{"@type":"BreadcrumbList","@id":"https:\/\/www.marydip.ch\/produkt\/curso-acrilico-avancado\/#breadcrumb","itemListElement":[{"@type":"ListItem","position":1,"name":"Startseite","item":"https:\/\/www.marydip.ch\/"},{"@type":"ListItem","position":2,"name":"Shop","item":"https:\/\/www.marydip.ch\/shop\/"},{"@type":"ListItem","position":3,"name":"Curso Acr\u00edlico &#8211; Avan\u00e7ado"}]},{"@type":"WebSite","@id":"https:\/\/www.marydip.ch\/#website","url":"https:\/\/www.marydip.ch\/","name":"Mary Dip | Dipping Powder | Gellack","description":"Mary Dip | Dipping System Pulver in Schweiz","potentialAction":[{"@type":"SearchAction","target":{"@type":"EntryPoint","urlTemplate":"https:\/\/www.marydip.ch\/?s={search_term_string}"},"query-input":"required name=search_term_string"}],"inLanguage":"pt-BR"}]}},"_links":{"self":[{"href":"https:\/\/www.marydip.ch\/pt\/wp-json\/wp\/v2\/product\/28594"}],"collection":[{"href":"https:\/\/www.marydip.ch\/pt\/wp-json\/wp\/v2\/product"}],"about":[{"href":"https:\/\/www.marydip.ch\/pt\/wp-json\/wp\/v2\/types\/product"}],"replies":[{"embeddable":true,"href":"https:\/\/www.marydip.ch\/pt\/wp-json\/wp\/v2\/comments?post=28594"}],"version-history":[{"count":0,"href":"https:\/\/www.marydip.ch\/pt\/wp-json\/wp\/v2\/product\/28594\/revisions"}],"wp:featuredmedia":[{"embeddable":true,"href":"https:\/\/www.marydip.ch\/pt\/wp-json\/wp\/v2\/media\/28608"}],"wp:attachment":[{"href":"https:\/\/www.marydip.ch\/pt\/wp-json\/wp\/v2\/media?parent=28594"}],"wp:term":[{"taxonomy":"product_cat","embeddable":true,"href":"https:\/\/www.marydip.ch\/pt\/wp-json\/wp\/v2\/product_cat?post=28594"},{"taxonomy":"product_tag","embeddable":true,"href":"https:\/\/www.marydip.ch\/pt\/wp-json\/wp\/v2\/product_tag?post=28594"}],"curies":[{"name":"wp","href":"https:\/\/api.w.org\/{rel}","templated":true}]}}