{"id":28492,"date":"2021-04-05T00:08:17","date_gmt":"2021-04-04T23:08:17","guid":{"rendered":"https:\/\/www.marydip.ch\/?post_type=product&#038;p=28492"},"modified":"2025-01-17T10:17:56","modified_gmt":"2025-01-17T09:17:56","slug":"051","status":"publish","type":"product","link":"https:\/\/www.marydip.ch\/pt\/produto\/051\/","title":{"rendered":"#051"},"content":{"rendered":"<p><strong>Benefici\u00e1rios<\/strong>:<br \/>\n- Reduzir os danos como unhas, parece natural e se sente confortvel.<br \/>\n<strong>Ingredientes<\/strong>:<br \/>\n- Polietilmetacrilato, dioxido de tit\u00e2nio, benzoyl, per\u00f3xido, pigmento.<\/p>","protected":false},"excerpt":{"rendered":"<p>Benef\u00edcios: - Reduz os danos \u00e0s unhas, parece natural e se sente confort\u00e1vel. Ingredientes: - Polietilmetacrilato, dioxido de tit\u00e2nio, benzo\u00edla,<\/p>","protected":false},"featured_media":29787,"comment_status":"closed","ping_status":"closed","template":"","meta":[],"product_cat":[70],"product_tag":[],"yoast_head":"<!-- This site is optimized with the Yoast SEO plugin v22.1 - https:\/\/yoast.com\/wordpress\/plugins\/seo\/ -->\n<title>#051 - Mary Dip | Dipping Powder | Gellack<\/title>\n<meta name=\"robots\" content=\"index, follow, max-snippet:-1, max-image-preview:large, max-video-preview:-1\" \/>\n<link rel=\"canonical\" href=\"https:\/\/www.marydip.ch\/pt\/produto\/051\/\" \/>\n<meta property=\"og:locale\" content=\"pt_BR\" \/>\n<meta property=\"og:type\" content=\"article\" \/>\n<meta property=\"og:title\" content=\"#051 - Mary Dip | Dipping Powder | Gellack\" \/>\n<meta property=\"og:description\" content=\"Beneficios: &#8211; Reduz os danos as unhas, parece natural e se sente confort\u0087vel. Ingredientes: &#8211; Polyethylmathacrilate, dioxido de titanio, benzoyl,\" \/>\n<meta property=\"og:url\" content=\"https:\/\/www.marydip.ch\/pt\/produto\/051\/\" \/>\n<meta property=\"og:site_name\" content=\"Mary Dip | Dipping Powder | Gellack\" \/>\n<meta property=\"article:modified_time\" content=\"2025-01-17T09:17:56+00:00\" \/>\n<meta property=\"og:image\" content=\"https:\/\/www.marydip.ch\/wp-content\/uploads\/2021\/10\/51.jpg\" \/>\n\t<meta property=\"og:image:width\" content=\"1200\" \/>\n\t<meta property=\"og:image:height\" content=\"900\" \/>\n\t<meta property=\"og:image:type\" content=\"image\/jpeg\" \/>\n<meta name=\"twitter:card\" content=\"summary_large_image\" \/>\n<script type=\"application\/ld+json\" class=\"yoast-schema-graph\">{\"@context\":\"https:\/\/schema.org\",\"@graph\":[{\"@type\":\"WebPage\",\"@id\":\"https:\/\/www.marydip.ch\/produkt\/051\/\",\"url\":\"https:\/\/www.marydip.ch\/produkt\/051\/\",\"name\":\"#051 - Mary Dip | Dipping Powder | Gellack\",\"isPartOf\":{\"@id\":\"https:\/\/www.marydip.ch\/#website\"},\"datePublished\":\"2021-04-04T23:08:17+00:00\",\"dateModified\":\"2025-01-17T09:17:56+00:00\",\"breadcrumb\":{\"@id\":\"https:\/\/www.marydip.ch\/produkt\/051\/#breadcrumb\"},\"inLanguage\":\"pt-BR\",\"potentialAction\":[{\"@type\":\"ReadAction\",\"target\":[\"https:\/\/www.marydip.ch\/produkt\/051\/\"]}]},{\"@type\":\"BreadcrumbList\",\"@id\":\"https:\/\/www.marydip.ch\/produkt\/051\/#breadcrumb\",\"itemListElement\":[{\"@type\":\"ListItem\",\"position\":1,\"name\":\"Startseite\",\"item\":\"https:\/\/www.marydip.ch\/\"},{\"@type\":\"ListItem\",\"position\":2,\"name\":\"Shop\",\"item\":\"https:\/\/www.marydip.ch\/shop\/\"},{\"@type\":\"ListItem\",\"position\":3,\"name\":\"#051\"}]},{\"@type\":\"WebSite\",\"@id\":\"https:\/\/www.marydip.ch\/#website\",\"url\":\"https:\/\/www.marydip.ch\/\",\"name\":\"Mary Dip | Dipping Powder | Gellack\",\"description\":\"Mary Dip | Dipping System Pulver in Schweiz\",\"potentialAction\":[{\"@type\":\"SearchAction\",\"target\":{\"@type\":\"EntryPoint\",\"urlTemplate\":\"https:\/\/www.marydip.ch\/?s={search_term_string}\"},\"query-input\":\"required name=search_term_string\"}],\"inLanguage\":\"pt-BR\"}]}<\/script>\n<!-- \/ Yoast SEO plugin. -->","yoast_head_json":{"title":"#051 - Mary Dip | Dipping Powder | Gellack","robots":{"index":"index","follow":"follow","max-snippet":"max-snippet:-1","max-image-preview":"max-image-preview:large","max-video-preview":"max-video-preview:-1"},"canonical":"https:\/\/www.marydip.ch\/pt\/produto\/051\/","og_locale":"pt_BR","og_type":"article","og_title":"#051 - Mary Dip | Dipping Powder | Gellack","og_description":"Beneficios: &#8211; Reduz os danos as unhas, parece natural e se sente confort\u0087vel. Ingredientes: &#8211; Polyethylmathacrilate, dioxido de titanio, benzoyl,","og_url":"https:\/\/www.marydip.ch\/pt\/produto\/051\/","og_site_name":"Mary Dip | Dipping Powder | Gellack","article_modified_time":"2025-01-17T09:17:56+00:00","og_image":[{"width":1200,"height":900,"url":"https:\/\/www.marydip.ch\/wp-content\/uploads\/2021\/10\/51.jpg","type":"image\/jpeg"}],"twitter_card":"summary_large_image","schema":{"@context":"https:\/\/schema.org","@graph":[{"@type":"WebPage","@id":"https:\/\/www.marydip.ch\/produkt\/051\/","url":"https:\/\/www.marydip.ch\/produkt\/051\/","name":"#051 - Mary Dip | Dipping Powder | Gellack","isPartOf":{"@id":"https:\/\/www.marydip.ch\/#website"},"datePublished":"2021-04-04T23:08:17+00:00","dateModified":"2025-01-17T09:17:56+00:00","breadcrumb":{"@id":"https:\/\/www.marydip.ch\/produkt\/051\/#breadcrumb"},"inLanguage":"pt-BR","potentialAction":[{"@type":"ReadAction","target":["https:\/\/www.marydip.ch\/produkt\/051\/"]}]},{"@type":"BreadcrumbList","@id":"https:\/\/www.marydip.ch\/produkt\/051\/#breadcrumb","itemListElement":[{"@type":"ListItem","position":1,"name":"Startseite","item":"https:\/\/www.marydip.ch\/"},{"@type":"ListItem","position":2,"name":"Shop","item":"https:\/\/www.marydip.ch\/shop\/"},{"@type":"ListItem","position":3,"name":"#051"}]},{"@type":"WebSite","@id":"https:\/\/www.marydip.ch\/#website","url":"https:\/\/www.marydip.ch\/","name":"Mary Dip | Dipping Powder | Gellack","description":"Mary Dip | Dipping System Pulver in Schweiz","potentialAction":[{"@type":"SearchAction","target":{"@type":"EntryPoint","urlTemplate":"https:\/\/www.marydip.ch\/?s={search_term_string}"},"query-input":"required name=search_term_string"}],"inLanguage":"pt-BR"}]}},"_links":{"self":[{"href":"https:\/\/www.marydip.ch\/pt\/wp-json\/wp\/v2\/product\/28492"}],"collection":[{"href":"https:\/\/www.marydip.ch\/pt\/wp-json\/wp\/v2\/product"}],"about":[{"href":"https:\/\/www.marydip.ch\/pt\/wp-json\/wp\/v2\/types\/product"}],"replies":[{"embeddable":true,"href":"https:\/\/www.marydip.ch\/pt\/wp-json\/wp\/v2\/comments?post=28492"}],"version-history":[{"count":1,"href":"https:\/\/www.marydip.ch\/pt\/wp-json\/wp\/v2\/product\/28492\/revisions"}],"predecessor-version":[{"id":30282,"href":"https:\/\/www.marydip.ch\/pt\/wp-json\/wp\/v2\/product\/28492\/revisions\/30282"}],"wp:featuredmedia":[{"embeddable":true,"href":"https:\/\/www.marydip.ch\/pt\/wp-json\/wp\/v2\/media\/29787"}],"wp:attachment":[{"href":"https:\/\/www.marydip.ch\/pt\/wp-json\/wp\/v2\/media?parent=28492"}],"wp:term":[{"taxonomy":"product_cat","embeddable":true,"href":"https:\/\/www.marydip.ch\/pt\/wp-json\/wp\/v2\/product_cat?post=28492"},{"taxonomy":"product_tag","embeddable":true,"href":"https:\/\/www.marydip.ch\/pt\/wp-json\/wp\/v2\/product_tag?post=28492"}],"curies":[{"name":"wp","href":"https:\/\/api.w.org\/{rel}","templated":true}]}}