{"id":265,"date":"2017-06-21T08:08:41","date_gmt":"2017-06-21T08:08:41","guid":{"rendered":"http:\/\/dummy.xtemos.com\/woodmart-elementor\/?page_id=265"},"modified":"2017-06-21T08:08:41","modified_gmt":"2017-06-21T08:08:41","slug":"compare","status":"publish","type":"page","link":"https:\/\/www.marydip.ch\/pt\/compare\/","title":{"rendered":"Compare"},"content":{"rendered":"<p class=\"wd-empty-compare wd-empty-page\">\n\t\t\tCompare list is empty.\t\t<\/p>\n\t\t\t\t\t<div class=\"wd-empty-page-text\">\n\t\t\t\tNenhum produto adicionado na lista de compara\u00e7\u00e3o. \u00c9 necess\u00e1rio adicionar alguns produtos para compar\u00e1-los.<br> Voc\u00ea encontrar\u00e1 uma s\u00e9rie de produtos interessantes em nossa p\u00e1gina \"Loja\".\t\t\t<\/div>\n\t\t\t\t<p class=\"return-to-shop\">\n\t\t\t<a class=\"button\" href=\"https:\/\/www.marydip.ch\/pt\/shop\/\">\n\t\t\t\tReturn to shop\t\t\t<\/a>\n\t\t<\/p>","protected":false},"excerpt":{"rendered":"","protected":false},"author":1,"featured_media":0,"parent":0,"menu_order":0,"comment_status":"closed","ping_status":"closed","template":"","meta":{"footnotes":""},"yoast_head":"<!-- This site is optimized with the Yoast SEO plugin v22.1 - https:\/\/yoast.com\/wordpress\/plugins\/seo\/ -->\n<title>Compare - Mary Dip | Dipping Powder | Gellack<\/title>\n<meta name=\"robots\" content=\"index, follow, max-snippet:-1, max-image-preview:large, max-video-preview:-1\" \/>\n<link rel=\"canonical\" href=\"https:\/\/www.marydip.ch\/pt\/compare\/\" \/>\n<meta property=\"og:locale\" content=\"pt_BR\" \/>\n<meta property=\"og:type\" content=\"article\" \/>\n<meta property=\"og:title\" content=\"Compare - Mary Dip | Dipping Powder | Gellack\" \/>\n<meta property=\"og:url\" content=\"https:\/\/www.marydip.ch\/pt\/compare\/\" \/>\n<meta property=\"og:site_name\" content=\"Mary Dip | Dipping Powder | Gellack\" \/>\n<meta name=\"twitter:card\" content=\"summary_large_image\" \/>\n<script type=\"application\/ld+json\" class=\"yoast-schema-graph\">{\"@context\":\"https:\/\/schema.org\",\"@graph\":[{\"@type\":\"WebPage\",\"@id\":\"https:\/\/www.marydip.ch\/compare\/\",\"url\":\"https:\/\/www.marydip.ch\/compare\/\",\"name\":\"Compare - Mary Dip | Dipping Powder | Gellack\",\"isPartOf\":{\"@id\":\"https:\/\/www.marydip.ch\/#website\"},\"datePublished\":\"2017-06-21T08:08:41+00:00\",\"dateModified\":\"2017-06-21T08:08:41+00:00\",\"breadcrumb\":{\"@id\":\"https:\/\/www.marydip.ch\/compare\/#breadcrumb\"},\"inLanguage\":\"pt-BR\",\"potentialAction\":[{\"@type\":\"ReadAction\",\"target\":[\"https:\/\/www.marydip.ch\/compare\/\"]}]},{\"@type\":\"BreadcrumbList\",\"@id\":\"https:\/\/www.marydip.ch\/compare\/#breadcrumb\",\"itemListElement\":[{\"@type\":\"ListItem\",\"position\":1,\"name\":\"Startseite\",\"item\":\"https:\/\/www.marydip.ch\/\"},{\"@type\":\"ListItem\",\"position\":2,\"name\":\"Compare\"}]},{\"@type\":\"WebSite\",\"@id\":\"https:\/\/www.marydip.ch\/#website\",\"url\":\"https:\/\/www.marydip.ch\/\",\"name\":\"Mary Dip | Dipping Powder | Gellack\",\"description\":\"Mary Dip | Dipping System Pulver in Schweiz\",\"potentialAction\":[{\"@type\":\"SearchAction\",\"target\":{\"@type\":\"EntryPoint\",\"urlTemplate\":\"https:\/\/www.marydip.ch\/?s={search_term_string}\"},\"query-input\":\"required name=search_term_string\"}],\"inLanguage\":\"pt-BR\"}]}<\/script>\n<!-- \/ Yoast SEO plugin. -->","yoast_head_json":{"title":"Compare - Mary Dip | Dipping Powder | Gellack","robots":{"index":"index","follow":"follow","max-snippet":"max-snippet:-1","max-image-preview":"max-image-preview:large","max-video-preview":"max-video-preview:-1"},"canonical":"https:\/\/www.marydip.ch\/pt\/compare\/","og_locale":"pt_BR","og_type":"article","og_title":"Compare - Mary Dip | Dipping Powder | Gellack","og_url":"https:\/\/www.marydip.ch\/pt\/compare\/","og_site_name":"Mary Dip | Dipping Powder | Gellack","twitter_card":"summary_large_image","schema":{"@context":"https:\/\/schema.org","@graph":[{"@type":"WebPage","@id":"https:\/\/www.marydip.ch\/compare\/","url":"https:\/\/www.marydip.ch\/compare\/","name":"Compare - Mary Dip | Dipping Powder | Gellack","isPartOf":{"@id":"https:\/\/www.marydip.ch\/#website"},"datePublished":"2017-06-21T08:08:41+00:00","dateModified":"2017-06-21T08:08:41+00:00","breadcrumb":{"@id":"https:\/\/www.marydip.ch\/compare\/#breadcrumb"},"inLanguage":"pt-BR","potentialAction":[{"@type":"ReadAction","target":["https:\/\/www.marydip.ch\/compare\/"]}]},{"@type":"BreadcrumbList","@id":"https:\/\/www.marydip.ch\/compare\/#breadcrumb","itemListElement":[{"@type":"ListItem","position":1,"name":"Startseite","item":"https:\/\/www.marydip.ch\/"},{"@type":"ListItem","position":2,"name":"Compare"}]},{"@type":"WebSite","@id":"https:\/\/www.marydip.ch\/#website","url":"https:\/\/www.marydip.ch\/","name":"Mary Dip | Dipping Powder | Gellack","description":"Mary Dip | Dipping System Pulver in Schweiz","potentialAction":[{"@type":"SearchAction","target":{"@type":"EntryPoint","urlTemplate":"https:\/\/www.marydip.ch\/?s={search_term_string}"},"query-input":"required name=search_term_string"}],"inLanguage":"pt-BR"}]}},"_links":{"self":[{"href":"https:\/\/www.marydip.ch\/pt\/wp-json\/wp\/v2\/pages\/265"}],"collection":[{"href":"https:\/\/www.marydip.ch\/pt\/wp-json\/wp\/v2\/pages"}],"about":[{"href":"https:\/\/www.marydip.ch\/pt\/wp-json\/wp\/v2\/types\/page"}],"author":[{"embeddable":true,"href":"https:\/\/www.marydip.ch\/pt\/wp-json\/wp\/v2\/users\/1"}],"replies":[{"embeddable":true,"href":"https:\/\/www.marydip.ch\/pt\/wp-json\/wp\/v2\/comments?post=265"}],"version-history":[{"count":0,"href":"https:\/\/www.marydip.ch\/pt\/wp-json\/wp\/v2\/pages\/265\/revisions"}],"wp:attachment":[{"href":"https:\/\/www.marydip.ch\/pt\/wp-json\/wp\/v2\/media?parent=265"}],"curies":[{"name":"wp","href":"https:\/\/api.w.org\/{rel}","templated":true}]}}